{"id":2482,"date":"2025-08-20T19:03:33","date_gmt":"2025-08-20T19:03:33","guid":{"rendered":"https:\/\/dianabandalieva.de\/impressum\/"},"modified":"2025-08-20T19:06:11","modified_gmt":"2025-08-20T19:06:11","slug":"impressum","status":"publish","type":"page","link":"https:\/\/dianabandalieva.de\/de\/impressum\/","title":{"rendered":"Impressum"},"content":{"rendered":"<p><strong>Angaben gem\u00e4\u00df \u00a7 5 TMG<\/strong><br \/>\nDiana Bandalijewa<br \/>\nKattegatstra\u00dfe 14<br \/>\n13359 Berlin<\/p>\n<p><strong>Wirtschafts-Identifikationsnummer:<\/strong> DE418189504<\/p>\n<p><strong>Kontakt<\/strong><br \/>\nE-Mail: <a href=\"mailto:dianabandalieva9@gmail.com\">dianabandalieva9@gmail.com<\/a><br \/>\nTelefon: <a href=\"tel:+4917632386699\">+49 176 32386699<\/a><\/p>\n<p><strong>Verantwortlich f\u00fcr den Inhalt nach \u00a7 55 Abs. 2 RStV<\/strong><br \/>\nDiana Bandalijewa<br \/>\nKattegatstra\u00dfe 14<br \/>\n13359 Berlin<\/p>\n<hr>\n<h2>Haftungsausschluss<\/h2>\n<p><strong>Haftung f\u00fcr Inhalte<\/strong><br \/>\nDie Inhalte dieser Seite wurden mit gr\u00f6\u00dfter Sorgfalt erstellt. F\u00fcr die Richtigkeit, Vollst\u00e4ndigkeit<br \/>\nund Aktualit\u00e4t der Inhalte kann jedoch keine Gew\u00e4hr \u00fcbernommen werden.<\/p>\n<p><strong>Haftung f\u00fcr Links<\/strong><br \/>\nUnser Angebot enth\u00e4lt ggf. Links zu externen Websites Dritter, auf deren Inhalte wir keinen Einfluss haben.<br \/>\nDeshalb k\u00f6nnen wir f\u00fcr diese fremden Inhalte auch keine Gew\u00e4hr \u00fcbernehmen. F\u00fcr die Inhalte der<br \/>\nverlinkten Seiten ist stets der jeweilige Anbieter oder Betreiber der Seiten verantwortlich.<\/p>\n<p><strong>Urheberrecht<\/strong><br \/>\nDie durch die Seitenbetreiberin erstellten Inhalte und Werke auf diesen Seiten unterliegen dem<br \/>\ndeutschen Urheberrecht. Beitr\u00e4ge Dritter sind als solche gekennzeichnet. Die Vervielf\u00e4ltigung,<br \/>\nBearbeitung, Verbreitung und jede Art der Verwertung au\u00dferhalb der Grenzen des Urheberrechtes<br \/>\nbed\u00fcrfen der schriftlichen Zustimmung der jeweiligen Autorin bzw. Erstellerin.<\/p>","protected":false},"excerpt":{"rendered":"<p>Angaben gem\u00e4\u00df \u00a7 5 TMG Diana Bandaliieva Kattegatstra\u00dfe 14 13359 Berlin Wirtschafts-Identifikationsnummer: DE418189504 Kontakt E-Mail: dianabandalieva9@gmail.com Telefon: +49 176 32386699 Verantwortlich f\u00fcr den Inhalt nach \u00a7 55 Abs. 2 RStV Diana Bandaliieva Kattegatstra\u00dfe 14 13359 Berlin Haftungsausschluss Haftung f\u00fcr Inhalte Die Inhalte dieser Seite wurden mit gr\u00f6\u00dfter Sorgfalt erstellt. F\u00fcr die Richtigkeit, Vollst\u00e4ndigkeit und Aktualit\u00e4t [&hellip;]<\/p>\n","protected":false},"author":1,"featured_media":0,"parent":0,"menu_order":0,"comment_status":"closed","ping_status":"closed","template":"","meta":{"om_disable_all_campaigns":false,"_uag_custom_page_level_css":"","_monsterinsights_skip_tracking":false,"_monsterinsights_sitenote_active":false,"_monsterinsights_sitenote_note":"","_monsterinsights_sitenote_category":0,"site-sidebar-layout":"default","site-content-layout":"","ast-site-content-layout":"default","site-content-style":"default","site-sidebar-style":"default","ast-global-header-display":"","ast-banner-title-visibility":"","ast-main-header-display":"","ast-hfb-above-header-display":"","ast-hfb-below-header-display":"","ast-hfb-mobile-header-display":"","site-post-title":"","ast-breadcrumbs-content":"","ast-featured-img":"","footer-sml-layout":"","ast-disable-related-posts":"","theme-transparent-header-meta":"","adv-header-id-meta":"","stick-header-meta":"","header-above-stick-meta":"","header-main-stick-meta":"","header-below-stick-meta":"","astra-migrate-meta-layouts":"set","ast-page-background-enabled":"default","ast-page-background-meta":{"desktop":{"background-color":"","background-image":"","background-repeat":"repeat","background-position":"center center","background-size":"auto","background-attachment":"scroll","background-type":"","background-media":"","overlay-type":"","overlay-color":"","overlay-opacity":"","overlay-gradient":""},"tablet":{"background-color":"","background-image":"","background-repeat":"repeat","background-position":"center center","background-size":"auto","background-attachment":"scroll","background-type":"","background-media":"","overlay-type":"","overlay-color":"","overlay-opacity":"","overlay-gradient":""},"mobile":{"background-color":"","background-image":"","background-repeat":"repeat","background-position":"center center","background-size":"auto","background-attachment":"scroll","background-type":"","background-media":"","overlay-type":"","overlay-color":"","overlay-opacity":"","overlay-gradient":""}},"ast-content-background-meta":{"desktop":{"background-color":"var(--ast-global-color-5)","background-image":"","background-repeat":"repeat","background-position":"center center","background-size":"auto","background-attachment":"scroll","background-type":"","background-media":"","overlay-type":"","overlay-color":"","overlay-opacity":"","overlay-gradient":""},"tablet":{"background-color":"var(--ast-global-color-5)","background-image":"","background-repeat":"repeat","background-position":"center center","background-size":"auto","background-attachment":"scroll","background-type":"","background-media":"","overlay-type":"","overlay-color":"","overlay-opacity":"","overlay-gradient":""},"mobile":{"background-color":"var(--ast-global-color-5)","background-image":"","background-repeat":"repeat","background-position":"center center","background-size":"auto","background-attachment":"scroll","background-type":"","background-media":"","overlay-type":"","overlay-color":"","overlay-opacity":"","overlay-gradient":""}},"footnotes":""},"class_list":["post-2482","page","type-page","status-publish","hentry"],"aioseo_notices":[],"_hostinger_reach_plugin_has_subscription_block":false,"_hostinger_reach_plugin_is_elementor":false,"uagb_featured_image_src":{"full":false,"thumbnail":false,"medium":false,"medium_large":false,"large":false,"1536x1536":false,"2048x2048":false,"trp-custom-language-flag":false},"uagb_author_info":{"display_name":"dianabandalieva9@gmail.com","author_link":"https:\/\/dianabandalieva.de\/de\/author\/dianabandalieva9gmail-com\/"},"uagb_comment_info":0,"uagb_excerpt":"Angaben gem\u00e4\u00df \u00a7 5 TMG Diana Bandaliieva Kattegatstra\u00dfe 14 13359 Berlin Wirtschafts-Identifikationsnummer: DE418189504 Kontakt E-Mail: dianabandalieva9@gmail.com Telefon: +49 176 32386699 Verantwortlich f\u00fcr den Inhalt nach \u00a7 55 Abs. 2 RStV Diana Bandaliieva Kattegatstra\u00dfe 14 13359 Berlin Haftungsausschluss Haftung f\u00fcr Inhalte Die Inhalte dieser Seite wurden mit gr\u00f6\u00dfter Sorgfalt erstellt. F\u00fcr die Richtigkeit, Vollst\u00e4ndigkeit und Aktualit\u00e4t&hellip;","_links":{"self":[{"href":"https:\/\/dianabandalieva.de\/de\/wp-json\/wp\/v2\/pages\/2482","targetHints":{"allow":["GET"]}}],"collection":[{"href":"https:\/\/dianabandalieva.de\/de\/wp-json\/wp\/v2\/pages"}],"about":[{"href":"https:\/\/dianabandalieva.de\/de\/wp-json\/wp\/v2\/types\/page"}],"author":[{"embeddable":true,"href":"https:\/\/dianabandalieva.de\/de\/wp-json\/wp\/v2\/users\/1"}],"replies":[{"embeddable":true,"href":"https:\/\/dianabandalieva.de\/de\/wp-json\/wp\/v2\/comments?post=2482"}],"version-history":[{"count":2,"href":"https:\/\/dianabandalieva.de\/de\/wp-json\/wp\/v2\/pages\/2482\/revisions"}],"predecessor-version":[{"id":2485,"href":"https:\/\/dianabandalieva.de\/de\/wp-json\/wp\/v2\/pages\/2482\/revisions\/2485"}],"wp:attachment":[{"href":"https:\/\/dianabandalieva.de\/de\/wp-json\/wp\/v2\/media?parent=2482"}],"curies":[{"name":"wp","href":"https:\/\/api.w.org\/{rel}","templated":true}]}}