{"id":1299,"date":"2025-08-08T16:58:36","date_gmt":"2025-08-08T16:58:36","guid":{"rendered":"http:\/\/dianabandalieva.de\/home\/"},"modified":"2025-08-14T02:00:15","modified_gmt":"2025-08-14T02:00:15","slug":"home","status":"publish","type":"page","link":"https:\/\/dianabandalieva.de\/de\/","title":{"rendered":"Startseite"},"content":{"rendered":"<div class=\"wp-block-uagb-container uagb-block-0b347915 alignfull uagb-is-root-container\"><div class=\"uagb-container__shape uagb-container__shape-bottom uagb-container__invert\" data-negative=\"false\"><svg xmlns=\"https:\/\/www.w3.org\/2000\/svg\" viewbox=\"0 0 1000 100\" preserveaspectratio=\"none\"><path class=\"uagb-container__shape-fill\" d=\"M421.9,6.5c22.6-2.5,51.5,0.4,75.5,5.3c23.6,4.9,70.9,23.5,100.5,35.7c75.8,32.2,133.7,44.5,192.6,49.7  c23.6,2.1,48.7,3.5,103.4-2.5c54.7-6,106.2-25.6,106.2-25.6V0H0v30.3c0,0,72,32.6,158.4,30.5c39.2-0.7,92.8-6.7,134-22.4  c21.2-8.1,52.2-18.2,79.7-24.2C399.3,7.9,411.6,7.5,421.9,6.5z\"><\/path><\/svg><\/div><div class=\"uagb-container-inner-blocks-wrap\">\n<div class=\"wp-block-uagb-info-box uagb-block-53dcbc6a uagb-infobox__content-wrap  uagb-infobox-icon-above-title uagb-infobox-image-valign-top wp-block-uagb-info-box--has-margin\"><div class=\"uagb-infobox-margin-wrapper\"><div class=\"uagb-ifb-content\"><div class=\"uagb-ifb-title-wrap\"><h4 class=\"uagb-ifb-title-prefix\">Kantstr 88, 10627 Berlin<\/h4><h1 class=\"uagb-ifb-title\"><br><br>Wimpern &amp; Permanent Make-up K\u00fcnstler<\/h1><\/div><p class=\"uagb-ifb-desc\">Die sch\u00f6nsten und kreativsten Wimpernverl\u00e4ngerungen in Berlin. Ihre Traumwimpern, einen Termin entfernt.<\/p><\/div><\/div><\/div>\n\n\n\n<div class=\"wp-block-buttons is-layout-flex wp-block-buttons-is-layout-flex\">\n<div class=\"wp-block-button\"><a class=\"wp-block-button__link wp-element-button\" href=\"https:\/\/wa.me\/4917632386699\">Kontakt \u00fcber Whatsapp<\/a><\/div>\n<\/div>\n<\/div><\/div>\n\n\n\n<div class=\"wp-block-uagb-container uagb-block-a463fe8c alignfull uagb-is-root-container\"><div class=\"uagb-container-inner-blocks-wrap\">\n<div class=\"wp-block-uagb-container uagb-block-2dd7f223\"><\/div>\n\n\n\n<div class=\"wp-block-uagb-container uagb-block-599791d9\"><\/div>\n\n\n\n<div class=\"wp-block-uagb-container uagb-block-424e9752\"><\/div>\n\n\n\n<div class=\"wp-block-uagb-container uagb-block-6d07e0df\"><\/div>\n\n\n\n<div class=\"wp-block-uagb-container uagb-block-a4fb5417\">\n<div class=\"wp-block-uagb-info-box uagb-block-9379bedc uagb-infobox__content-wrap  uagb-infobox-icon-above-title uagb-infobox-image-valign-top\"><div class=\"uagb-ifb-content\"><div class=\"uagb-ifb-title-wrap\"><h5 class=\"uagb-ifb-title-prefix\">Willkommen bei<\/h5><h2 class=\"uagb-ifb-title\">Wimpern von Diana<\/h2><\/div><p class=\"uagb-ifb-desc\">Lernen wir uns kennen \ud83d\udc4b\ud83c\udffc<br>Mein Name ist Diana und ich bin seit \u00fcber 8 Jahren in der Kosmetikbranche t\u00e4tig.<br>Jetzt lebe ich in Berlin und helfe jeden Tag Frauen, sich noch selbstbewusster zu f\u00fchlen, indem ich ihre nat\u00fcrliche Sch\u00f6nheit unterstreiche \ud83d\ude0a.<\/p><div class=\"uagb-ifb-button-wrapper wp-block-button\"><a href=\"#\" class=\"uagb-infobox-cta-link wp-block-button__link\" target=\"_self\" rel=\"noopener noreferrer\" onclick=\"return false;\"><span class=\"uagb-inline-editing\">Mehr erfahren<\/span><\/a><\/div><\/div><\/div>\n<\/div>\n<\/div><\/div>\n\n\n\n<div class=\"wp-block-uagb-container uagb-block-0575e694 alignfull uagb-is-root-container\"><div class=\"uagb-container-inner-blocks-wrap\">\n<div class=\"wp-block-uagb-advanced-heading uagb-block-b24bda7e\"><h2 class=\"uagb-heading-text\">Dienstleistungen f\u00fcr Sie<\/h2><p class=\"uagb-desc-text\">Wimpernverl\u00e4ngerung, Wimpernlifting, Permanent Make-up, Wiederherstellung des Warzenhofs<\/p><\/div>\n\n\n\n<div class=\"wp-block-uagb-container uagb-block-497b6d5d\">\n<div class=\"wp-block-uagb-container uagb-block-eb5c580f\">\n<div class=\"wp-block-uagb-info-box uagb-block-ff724ee0 uagb-infobox__content-wrap  uagb-infobox-icon-above-title uagb-infobox-image-valign-top\"><div class=\"uagb-ifb-content\"><div class=\"uagb-ifb-image-content\"><img decoding=\"async\" src=\"https:\/\/dianabandalieva.de\/wp-content\/uploads\/2024\/06\/wedding-bells.png\" alt=\"\" width=\"86\" height=\"86\" loading=\"lazy\"\/><\/div><div class=\"uagb-ifb-title-wrap\"><h4 class=\"uagb-ifb-title\"><strong>Wimpernverl\u00e4ngerungen<\/strong><\/h4><\/div><p class=\"uagb-ifb-desc\"><strong>Wimpernverl\u00e4ngerungen<\/strong> - Er verleiht Ihren nat\u00fcrlichen Wimpern L\u00e4nge und Volumen und sorgt so f\u00fcr einen volleren, glamour\u00f6seren Look, der wochenlang anh\u00e4lt.<br><\/p><\/div><\/div>\n<\/div>\n\n\n\n<div class=\"wp-block-uagb-container uagb-block-10b4fb3f\">\n<div class=\"wp-block-uagb-info-box uagb-block-df0c6228 uagb-infobox__content-wrap  uagb-infobox-icon-above-title uagb-infobox-image-valign-top\"><div class=\"uagb-ifb-content\"><div class=\"uagb-ifb-image-content\"><img decoding=\"async\" src=\"https:\/\/dianabandalieva.de\/wp-content\/uploads\/2024\/06\/party-make-up.png\" alt=\"\" width=\"86\" height=\"86\" loading=\"lazy\"\/><\/div><div class=\"uagb-ifb-title-wrap\"><h4 class=\"uagb-ifb-title\"><strong>Wimpernlifting<\/strong><\/h4><\/div><p class=\"uagb-ifb-desc\"><strong>Wimpernlifting<\/strong> - Eine sanfte Schwung- und Lifting-Behandlung, die Ihre nat\u00fcrlichen Wimpern verst\u00e4rkt und sie l\u00e4nger und definierter erscheinen l\u00e4sst, ohne dass sie verl\u00e4ngert werden m\u00fcssen.<\/p><\/div><\/div>\n<\/div>\n\n\n\n<div class=\"wp-block-uagb-container uagb-block-538098b3\">\n<div class=\"wp-block-uagb-info-box uagb-block-96c94bcd uagb-infobox__content-wrap  uagb-infobox-icon-above-title uagb-infobox-image-valign-top\"><div class=\"uagb-ifb-content\"><div class=\"uagb-ifb-image-content\"><img decoding=\"async\" src=\"https:\/\/dianabandalieva.de\/wp-content\/uploads\/2024\/06\/fashion.png\" alt=\"\" width=\"86\" height=\"86\" loading=\"lazy\"\/><\/div><div class=\"uagb-ifb-title-wrap\"><h4 class=\"uagb-ifb-title\"><strong>Permanentes Make-up<\/strong><\/h4><\/div><p class=\"uagb-ifb-desc\"><strong>Permanentes Make-up<\/strong> - Langanhaltende kosmetische T\u00e4towierungen, die Ihre Augenbrauen, Lippen oder Ihren Eyeliner definieren, sparen Ihnen Zeit und sorgen daf\u00fcr, dass Sie jeden Tag makellos aussehen.<\/p><\/div><\/div>\n<\/div>\n\n\n\n<div class=\"wp-block-uagb-container uagb-block-112d0a19\">\n<div class=\"wp-block-uagb-info-box uagb-block-d7ab4e3e uagb-infobox__content-wrap  uagb-infobox-icon-above-title uagb-infobox-image-valign-top\"><div class=\"uagb-ifb-content\"><div class=\"uagb-ifb-image-content\"><img decoding=\"async\" src=\"https:\/\/dianabandalieva.de\/wp-content\/uploads\/2024\/06\/camera-1.png\" alt=\"\" width=\"86\" height=\"86\" loading=\"lazy\"\/><\/div><div class=\"uagb-ifb-title-wrap\"><h4 class=\"uagb-ifb-title\">Wiederherstellung des Warzenhofs<\/h4><\/div><p class=\"uagb-ifb-desc\"><strong>Wiederherstellung des Warzenhofs<\/strong> - Ein spezielles dermales T\u00e4towierungsverfahren zur Wiederherstellung eines nat\u00fcrlich aussehenden Brustwarzenhofs nach einer Mastektomie oder Operation oder zur Anpassung und Verbesserung der Farbe f\u00fcr ein ausgewogeneres Aussehen.<\/p><\/div><\/div>\n<\/div>\n<\/div>\n<\/div><\/div>\n\n\n\n<div class=\"wp-block-uagb-container uagb-layout-grid uagb-block-3ede721b alignfull uagb-is-root-container\"><div class=\"uagb-container-inner-blocks-wrap\">\n<div class=\"wp-block-uagb-image alignleft uagb-block-d66c5416 wp-block-uagb-image--layout-default wp-block-uagb-image--effect-static wp-block-uagb-image--align-left\"><figure class=\"wp-block-uagb-image__figure\"><img decoding=\"async\" srcset=\"https:\/\/dianabandalieva.de\/wp-content\/uploads\/2020\/05\/sale-badge.png ,https:\/\/dianabandalieva.de\/wp-content\/uploads\/2020\/05\/sale-badge.png 780w, https:\/\/dianabandalieva.de\/wp-content\/uploads\/2020\/05\/sale-badge.png 360w\" sizes=\"auto, (max-width: 480px) 150px\" src=\"https:\/\/dianabandalieva.de\/wp-content\/uploads\/2020\/05\/sale-badge.png\" alt=\"\" class=\"uag-image-1211\" width=\"107\" height=\"107\" title=\"\" loading=\"lazy\" role=\"img\"\/><\/figure><\/div>\n\n\n\n<div class=\"wp-block-uagb-advanced-heading uagb-block-89a37cdc\"><h2 class=\"uagb-heading-text\">F\u00fcr Stammkunden kostet die Wimpernverl\u00e4ngerung 100 \u20ac.<\/h2><\/div>\n\n\n\n<div class=\"wp-block-uagb-buttons uagb-buttons__outer-wrap uagb-btn__default-btn uagb-btn-tablet__default-btn uagb-btn-mobile__default-btn uagb-block-0f71ab86\"><div class=\"uagb-buttons__wrap uagb-buttons-layout-wrap\">\n<div class=\"wp-block-uagb-buttons-child uagb-buttons__outer-wrap uagb-block-6e8b1101 wp-block-button\"><div class=\"uagb-button__wrapper\"><a class=\"uagb-buttons-repeater wp-block-button__link\" aria-label=\"\" href=\"#\" rel=\"follow noopener\" target=\"_self\" role=\"button\"><div class=\"uagb-button__link\">Hier klicken<\/div><\/a><\/div><\/div>\n<\/div><\/div>\n<\/div><\/div>\n\n\n\n<div class=\"wp-block-uagb-container uagb-block-3b2c7ba1 alignfull uagb-is-root-container\"><div class=\"uagb-container-inner-blocks-wrap\">\n<div class=\"wp-block-uagb-container uagb-block-9e42300d\">\n<div class=\"wp-block-uagb-advanced-heading uagb-block-97589314\"><h2 class=\"uagb-heading-text\">Preisg\u00fcnstige Beauty-L\u00f6sungen<\/h2><\/div>\n<\/div>\n<\/div><\/div>\n\n\n\n<div class=\"wp-block-uagb-container uagb-block-062490a1 alignfull uagb-is-root-container\"><div class=\"uagb-container-inner-blocks-wrap\">\n<div class=\"wp-block-uagb-container uagb-block-58be58a5\">\n<div class=\"wp-block-uagb-advanced-heading uagb-block-1d18aff0\"><h2 class=\"uagb-heading-text\">Wimpernverl\u00e4ngerungen<\/h2><div class=\"uagb-separator\"><\/div><\/div>\n\n\n\n<div class=\"wp-block-uagb-advanced-heading uagb-block-ac039296\"><h5 class=\"uagb-heading-text\">Klassisch<\/h5><p class=\"uagb-desc-text\">110\u20ac<\/p><\/div>\n\n\n\n<div class=\"wp-block-uagb-advanced-heading uagb-block-52074704\"><h5 class=\"uagb-heading-text\">2D-Volumen<\/h5><p class=\"uagb-desc-text\">120\u20ac<\/p><\/div>\n\n\n\n<div class=\"wp-block-uagb-advanced-heading uagb-block-840341ed\"><h5 class=\"uagb-heading-text\">3-4D Volumen<\/h5><p class=\"uagb-desc-text\">140\u20ac<\/p><\/div>\n\n\n\n<div class=\"wp-block-uagb-advanced-heading uagb-block-cf46050b\"><h5 class=\"uagb-heading-text\">5-8D Volumen<\/h5><p class=\"uagb-desc-text\">160\u20ac<\/p><\/div>\n<\/div>\n\n\n\n<div class=\"wp-block-uagb-container uagb-block-f0d95494\">\n<div class=\"wp-block-uagb-advanced-heading uagb-block-7dd66240\"><h2 class=\"uagb-heading-text\">Wimpernlaminierung\/Augenbrauen<\/h2><div class=\"uagb-separator\"><\/div><\/div>\n\n\n\n<div class=\"wp-block-uagb-advanced-heading uagb-block-76e1a525\"><h5 class=\"uagb-heading-text\">Heben<\/h5><p class=\"uagb-desc-text\">80\u20ac<\/p><\/div>\n<\/div>\n\n\n\n<div class=\"wp-block-uagb-container uagb-block-2b134859\">\n<div class=\"wp-block-uagb-advanced-heading uagb-block-55036222\"><h2 class=\"uagb-heading-text\">Permanentes Make-up<\/h2><div class=\"uagb-separator\"><\/div><\/div>\n\n\n\n<div class=\"wp-block-uagb-advanced-heading uagb-block-f7b18b30\"><h5 class=\"uagb-heading-text\">Augenbrauen<\/h5><p class=\"uagb-desc-text\">400\u20ac<\/p><\/div>\n\n\n\n<div class=\"wp-block-uagb-advanced-heading uagb-block-626af776\"><h5 class=\"uagb-heading-text\">Lippen<\/h5><p class=\"uagb-desc-text\">400\u20ac<\/p><\/div>\n\n\n\n<div class=\"wp-block-uagb-advanced-heading uagb-block-b712447e\"><h5 class=\"uagb-heading-text\">Augen<\/h5><p class=\"uagb-desc-text\">300\u20ac<\/p><\/div>\n<\/div>\n\n\n\n<div class=\"wp-block-uagb-container uagb-block-aea72776\">\n<div class=\"wp-block-uagb-advanced-heading uagb-block-fcf84bf7\"><h2 class=\"uagb-heading-text\">Warzenh\u00f6fe<\/h2><div class=\"uagb-separator\"><\/div><\/div>\n\n\n\n<div class=\"wp-block-uagb-advanced-heading uagb-block-29997a6e\"><h5 class=\"uagb-heading-text\">Individueller Preis<\/h5><\/div>\n<\/div>\n<\/div><\/div>","protected":false},"excerpt":{"rendered":"<p>Services For you Eyelash extensions, Eyelash lift, Permanent makeup, Areola restoration For regular clients, eyelash extensions cost \u20ac100. Priced Beauty Solutions\u200b Eyelash extensions Classic 110\u20ac 2D volume 120\u20ac 3-4D volume 140\u20ac 5-8D volume 160\u20ac Lash lamination\/Eyebrows Lifting 80\u20ac Permanent makeup eyebrows 400\u20ac lips 400\u20ac eyes 300\u20ac Areolas Individual price<\/p>","protected":false},"author":1,"featured_media":0,"parent":0,"menu_order":0,"comment_status":"closed","ping_status":"closed","template":"","meta":{"om_disable_all_campaigns":false,"_uag_custom_page_level_css":"","_monsterinsights_skip_tracking":false,"_monsterinsights_sitenote_active":false,"_monsterinsights_sitenote_note":"","_monsterinsights_sitenote_category":0,"site-sidebar-layout":"no-sidebar","site-content-layout":"plain-container","ast-site-content-layout":"normal-width-container","site-content-style":"unboxed","site-sidebar-style":"unboxed","ast-global-header-display":"","ast-banner-title-visibility":"","ast-main-header-display":"","ast-hfb-above-header-display":"","ast-hfb-below-header-display":"","ast-hfb-mobile-header-display":"","site-post-title":"disabled","ast-breadcrumbs-content":"disabled","ast-featured-img":"disabled","footer-sml-layout":"","ast-disable-related-posts":"","theme-transparent-header-meta":"enabled","adv-header-id-meta":"","stick-header-meta":"","header-above-stick-meta":"","header-main-stick-meta":"","header-below-stick-meta":"","astra-migrate-meta-layouts":"set","ast-page-background-enabled":"default","ast-page-background-meta":{"desktop":{"background-color":"","background-image":"","background-repeat":"repeat","background-position":"center center","background-size":"auto","background-attachment":"scroll","background-type":"","background-media":"","overlay-type":"","overlay-color":"","overlay-opacity":"","overlay-gradient":""},"tablet":{"background-color":"","background-image":"","background-repeat":"repeat","background-position":"center center","background-size":"auto","background-attachment":"scroll","background-type":"","background-media":"","overlay-type":"","overlay-color":"","overlay-opacity":"","overlay-gradient":""},"mobile":{"background-color":"","background-image":"","background-repeat":"repeat","background-position":"center center","background-size":"auto","background-attachment":"scroll","background-type":"","background-media":"","overlay-type":"","overlay-color":"","overlay-opacity":"","overlay-gradient":""}},"ast-content-background-meta":{"desktop":{"background-color":"var(--ast-global-color-5)","background-image":"","background-repeat":"repeat","background-position":"center center","background-size":"auto","background-attachment":"scroll","background-type":"","background-media":"","overlay-type":"","overlay-color":"","overlay-opacity":"","overlay-gradient":""},"tablet":{"background-color":"var(--ast-global-color-5)","background-image":"","background-repeat":"repeat","background-position":"center center","background-size":"auto","background-attachment":"scroll","background-type":"","background-media":"","overlay-type":"","overlay-color":"","overlay-opacity":"","overlay-gradient":""},"mobile":{"background-color":"var(--ast-global-color-5)","background-image":"","background-repeat":"repeat","background-position":"center center","background-size":"auto","background-attachment":"scroll","background-type":"","background-media":"","overlay-type":"","overlay-color":"","overlay-opacity":"","overlay-gradient":""}},"footnotes":""},"class_list":["post-1299","page","type-page","status-publish","hentry"],"aioseo_notices":[],"_hostinger_reach_plugin_has_subscription_block":false,"_hostinger_reach_plugin_is_elementor":false,"uagb_featured_image_src":{"full":false,"thumbnail":false,"medium":false,"medium_large":false,"large":false,"1536x1536":false,"2048x2048":false,"trp-custom-language-flag":false},"uagb_author_info":{"display_name":"dianabandalieva9@gmail.com","author_link":"https:\/\/dianabandalieva.de\/de\/author\/dianabandalieva9gmail-com\/"},"uagb_comment_info":0,"uagb_excerpt":"Services For you Eyelash extensions, Eyelash lift, Permanent makeup, Areola restoration For regular clients, eyelash extensions cost \u20ac100. Priced Beauty Solutions\u200b Eyelash extensions Classic 110\u20ac 2D volume 120\u20ac 3-4D volume 140\u20ac 5-8D volume 160\u20ac Lash lamination\/Eyebrows Lifting 80\u20ac Permanent makeup eyebrows 400\u20ac lips 400\u20ac eyes 300\u20ac Areolas Individual price","_links":{"self":[{"href":"https:\/\/dianabandalieva.de\/de\/wp-json\/wp\/v2\/pages\/1299","targetHints":{"allow":["GET"]}}],"collection":[{"href":"https:\/\/dianabandalieva.de\/de\/wp-json\/wp\/v2\/pages"}],"about":[{"href":"https:\/\/dianabandalieva.de\/de\/wp-json\/wp\/v2\/types\/page"}],"author":[{"embeddable":true,"href":"https:\/\/dianabandalieva.de\/de\/wp-json\/wp\/v2\/users\/1"}],"replies":[{"embeddable":true,"href":"https:\/\/dianabandalieva.de\/de\/wp-json\/wp\/v2\/comments?post=1299"}],"version-history":[{"count":22,"href":"https:\/\/dianabandalieva.de\/de\/wp-json\/wp\/v2\/pages\/1299\/revisions"}],"predecessor-version":[{"id":2477,"href":"https:\/\/dianabandalieva.de\/de\/wp-json\/wp\/v2\/pages\/1299\/revisions\/2477"}],"wp:attachment":[{"href":"https:\/\/dianabandalieva.de\/de\/wp-json\/wp\/v2\/media?parent=1299"}],"curies":[{"name":"wp","href":"https:\/\/api.w.org\/{rel}","templated":true}]}}